{"id":3816,"date":"2023-10-25T07:44:15","date_gmt":"2023-10-25T07:44:15","guid":{"rendered":"https:\/\/fidalgo.qodeinteractive.com\/?page_id=3816"},"modified":"2024-09-30T15:21:30","modified_gmt":"2024-09-30T15:21:30","slug":"menu-vertical","status":"publish","type":"page","link":"https:\/\/pucciapoissy.fr\/?page_id=3816","title":{"rendered":"Menu"},"content":{"rendered":"\t\t<div data-elementor-type=\"wp-page\" data-elementor-id=\"3816\" class=\"elementor elementor-3816\">\n\t\t\t\t<div class=\"elementor-element elementor-element-1532357 e-con-full e-flex e-con e-parent\" data-id=\"1532357\" data-element_type=\"container\">\n\t\t<div class=\"elementor-element elementor-element-b8d61b9 e-con-full e-flex e-con e-child\" data-id=\"b8d61b9\" data-element_type=\"container\" data-settings=\"{&quot;background_background&quot;:&quot;classic&quot;}\">\n\t\t\t\t<div class=\"elementor-element elementor-element-c3e649e elementor-widget__width-initial elementor-widget elementor-widget-fidalgo_core_info_section\" data-id=\"c3e649e\" data-element_type=\"widget\" data-widget_type=\"fidalgo_core_info_section.default\">\n\t\t\t\t<div class=\"elementor-widget-container\">\n\t\t\t\t\t<div class=\"qodef-shortcode qodef-m  qodef-info-section qodef-layout--background-text  qodef-background-text-pos--top-left \">\n    <div class=\"qodef-m-info\">\n        <div class=\"qodef-m-title-holder\">\n                                <\/div>\n        <div class=\"qodef-m-text-holder\" style=\"margin-top: 10px\">\n                <\/div>\n\t\t\t<\/div>\n<\/div>\t\t\t\t<\/div>\n\t\t\t\t<\/div>\n\t\t\t\t<\/div>\n\t\t\t\t<\/div>\n\t\t<div class=\"elementor-element elementor-element-7e0f693 e-flex e-con-boxed e-con e-parent\" data-id=\"7e0f693\" data-element_type=\"container\">\n\t\t\t\t\t<div class=\"e-con-inner\">\n\t\t\t\t<div class=\"elementor-element elementor-element-85c095f elementor-widget__width-initial elementor-widget elementor-widget-fidalgo_core_info_section\" data-id=\"85c095f\" data-element_type=\"widget\" data-widget_type=\"fidalgo_core_info_section.default\">\n\t\t\t\t<div class=\"elementor-widget-container\">\n\t\t\t\t\t<div class=\"qodef-shortcode qodef-m  qodef-info-section qodef-layout--background-text  qodef-background-text-pos--top-left \">\n    <div class=\"qodef-m-info\">\n        <div class=\"qodef-m-title-holder\">\n                                <\/div>\n        <div class=\"qodef-m-text-holder\" style=\"margin-top: 10px\">\n            <div class=\"qodef-m-text-info\">\n        <div class=\"qodef-m-text\" ><h4 style=\"text-align: center\"><span style=\"text-decoration: underline\">Puccia<\/span><\/h4><p>\u00a0<\/p><h6 style=\"text-align: center\">PAin italien cuit au feu de bois, typique du salento dans le sud des pouilles. cette petite boule de p\u00e2te \u00e0 pizza, \u00e0 la fois croquante et savoureuse \u00e0 la mie fine en fait un sandwich original et gourmand.<\/h6><\/div>\n    <\/div>\n        <\/div>\n\t\t\t<\/div>\n<\/div>\t\t\t\t<\/div>\n\t\t\t\t<\/div>\n\t\t\t\t\t<\/div>\n\t\t\t\t<\/div>\n\t\t<div class=\"elementor-element elementor-element-a6e207a e-con-full qodef-elementor-content-grid e-flex e-con e-parent\" data-id=\"a6e207a\" data-element_type=\"container\">\n\t\t<div class=\"elementor-element elementor-element-ec09a62 e-con-full e-flex e-con e-child\" data-id=\"ec09a62\" data-element_type=\"container\">\n\t\t\t\t<div class=\"elementor-element elementor-element-01eba16 elementor-widget__width-initial elementor-widget elementor-widget-fidalgo_core_section_title\" data-id=\"01eba16\" data-element_type=\"widget\" data-widget_type=\"fidalgo_core_section_title.default\">\n\t\t\t\t<div class=\"elementor-widget-container\">\n\t\t\t\t\t<div class=\"qodef-shortcode qodef-m  qodef-section-title qodef-alignment--left  qodef-decoration--enabled\">\n\t\t<h3 class=\"qodef-m-title\" style=\"color: #F5BF41\">\n\t\t\t\t\tFormule Prima 9,50\u20ac \t\t\t<\/h3>\n\t\t<h6  class=\"qodef-m-subtitle\" >\n\t\tSandwich + boisson\t<\/h6 >\n\t<\/div>\n\t\t\t\t<\/div>\n\t\t\t\t<\/div>\n\t\t\t\t<div class=\"elementor-element elementor-element-5ee1904 elementor-widget__width-initial elementor-widget elementor-widget-fidalgo_core_section_title\" data-id=\"5ee1904\" data-element_type=\"widget\" data-widget_type=\"fidalgo_core_section_title.default\">\n\t\t\t\t<div class=\"elementor-widget-container\">\n\t\t\t\t\t<div class=\"qodef-shortcode qodef-m  qodef-section-title qodef-alignment--left  qodef-decoration--enabled\">\n\t\t<h3 class=\"qodef-m-title\" style=\"color: #F5BF41\">\n\t\t\t\t\tFormule Prima 12,50\u20ac \t\t\t<\/h3>\n\t\t<h6  class=\"qodef-m-subtitle\" >\n\t\tSandwich + dessert + boisson\t<\/h6 >\n\t<\/div>\n\t\t\t\t<\/div>\n\t\t\t\t<\/div>\n\t\t\t\t<div class=\"elementor-element elementor-element-41cab5f elementor-widget__width-initial elementor-widget elementor-widget-fidalgo_core_restaurant_menu_list\" data-id=\"41cab5f\" data-element_type=\"widget\" data-widget_type=\"fidalgo_core_restaurant_menu_list.default\">\n\t\t\t\t<div class=\"elementor-widget-container\">\n\t\t\t\t\t<div class=\"qodef-shortcode qodef-m  qodef-restaurant-menu-list    qodef-skin--default qodef-grid qodef-layout--columns   qodef-vertical-gutter--custom qodef-col-num--1 qodef-item-layout--side-by-side   qodef-responsive--custom qodef-col-num--1512--1 qodef-col-num--1368--1 qodef-col-num--1200--1 qodef-col-num--1024--1 qodef-col-num--880--1 qodef-col-num--680--1\" style=\"--qode-vertical-gutter-custom: 15px;--qode-vertical-gutter-custom-1512: 15px;--qode-vertical-gutter-custom-1200: 15px;--qode-vertical-gutter-custom-880: 15px\">\n\t<div class=\"qodef-grid-inner\">\n\t\t<div class=\"qodef-e qodef-grid-item \">\n\t<div class=\"qodef-e-inner\">\n\t\t\t\t<div class=\"qodef-e-content\">\n\t\t\t<div class=\"qodef-e-heading\">\n\t\t\t\t<h5 class=\"qodef-e-title\" >\nSpeck cuit<\/h5>\n\t\t\t<\/div>\n\t\t\t\t\t<\/div>\n\t<\/div>\n<\/div>\n<div class=\"qodef-e qodef-grid-item \">\n\t<div class=\"qodef-e-inner\">\n\t\t\t\t<div class=\"qodef-e-content\">\n\t\t\t<div class=\"qodef-e-heading\">\n\t\t\t\t<h5 class=\"qodef-e-title\" >\nMortadelle pistache<\/h5>\n\t\t\t<\/div>\n\t\t\t\t\t<\/div>\n\t<\/div>\n<\/div>\n<div class=\"qodef-e qodef-grid-item \">\n\t<div class=\"qodef-e-inner\">\n\t\t\t\t<div class=\"qodef-e-content\">\n\t\t\t<div class=\"qodef-e-heading\">\n\t\t\t\t<h5 class=\"qodef-e-title\" >\nR\u00f4ti de dindonneau aux herbes<\/h5>\n\t\t\t<\/div>\n\t\t\t\t\t<\/div>\n\t<\/div>\n<\/div>\n<div class=\"qodef-e qodef-grid-item \">\n\t<div class=\"qodef-e-inner\">\n\t\t\t\t<div class=\"qodef-e-content\">\n\t\t\t<div class=\"qodef-e-heading\">\n\t\t\t\t<h5 class=\"qodef-e-title\" >\nChoix : 1 fromage<\/h5>\n\t\t\t<\/div>\n\t\t\t\t\t<\/div>\n\t<\/div>\n<\/div>\n<div class=\"qodef-e qodef-grid-item \">\n\t<div class=\"qodef-e-inner\">\n\t\t\t\t<div class=\"qodef-e-content\">\n\t\t\t<div class=\"qodef-e-heading\">\n\t\t\t\t<h5 class=\"qodef-e-title\" >\nChoix : 1 l\u00e9gume<\/h5>\n\t\t\t<\/div>\n\t\t\t\t\t<\/div>\n\t<\/div>\n<\/div>\n\t<\/div>\n<\/div>\n\t\t\t\t<\/div>\n\t\t\t\t<\/div>\n\t\t\t\t<\/div>\n\t\t<div class=\"elementor-element elementor-element-487b2ac e-con-full e-flex e-con e-child\" data-id=\"487b2ac\" data-element_type=\"container\">\n\t\t\t\t<div class=\"elementor-element elementor-element-95b44ad elementor-widget__width-initial elementor-widget elementor-widget-fidalgo_core_single_image\" data-id=\"95b44ad\" data-element_type=\"widget\" data-widget_type=\"fidalgo_core_single_image.default\">\n\t\t\t\t<div class=\"elementor-widget-container\">\n\t\t\t\t\t<div class=\"qodef-shortcode qodef-m  qodef-single-image qodef-layout--default   qodef--border-radius   qodef--has-appear\" style=\"--qode-border-radius: 250px 250px 0px 0px\">\n\t\t\t<div class=\"qodef-m-image\">\n\t\t\t\t\t\t\t\t<img fetchpriority=\"high\" decoding=\"async\" width=\"672\" height=\"1080\" src=\"https:\/\/pucciapoissy.fr\/wp-content\/uploads\/2024\/09\/im1.jpg\" class=\"attachment-full size-full\" alt=\"\" srcset=\"https:\/\/pucciapoissy.fr\/wp-content\/uploads\/2024\/09\/im1.jpg 672w, https:\/\/pucciapoissy.fr\/wp-content\/uploads\/2024\/09\/im1-187x300.jpg 187w, https:\/\/pucciapoissy.fr\/wp-content\/uploads\/2024\/09\/im1-637x1024.jpg 637w, https:\/\/pucciapoissy.fr\/wp-content\/uploads\/2024\/09\/im1-600x964.jpg 600w\" sizes=\"(max-width: 672px) 100vw, 672px\" \/>\t\t\t\t\t\t\t<\/div>\n\t\t\t\t\t<\/div>\n\t\t\t\t<\/div>\n\t\t\t\t<\/div>\n\t\t\t\t<\/div>\n\t\t\t\t<\/div>\n\t\t<div class=\"elementor-element elementor-element-9e062af e-con-full qodef-elementor-content-grid e-flex e-con e-parent\" data-id=\"9e062af\" data-element_type=\"container\">\n\t\t<div class=\"elementor-element elementor-element-eb6e3ac e-con-full e-flex e-con e-child\" data-id=\"eb6e3ac\" data-element_type=\"container\">\n\t\t\t\t<div class=\"elementor-element elementor-element-b96a246 elementor-widget__width-initial elementor-widget elementor-widget-fidalgo_core_single_image\" data-id=\"b96a246\" data-element_type=\"widget\" data-widget_type=\"fidalgo_core_single_image.default\">\n\t\t\t\t<div class=\"elementor-widget-container\">\n\t\t\t\t\t<div class=\"qodef-shortcode qodef-m  qodef-single-image qodef-layout--default   qodef--border-radius   qodef--has-appear\" style=\"--qode-border-radius: 0px 200px 0px 0px\">\n\t\t\t<div class=\"qodef-m-image\">\n\t\t\t\t\t\t\t\t<img decoding=\"async\" width=\"672\" height=\"1080\" src=\"https:\/\/pucciapoissy.fr\/wp-content\/uploads\/2024\/09\/puccia1.jpg\" class=\"attachment-full size-full\" alt=\"\" srcset=\"https:\/\/pucciapoissy.fr\/wp-content\/uploads\/2024\/09\/puccia1.jpg 672w, https:\/\/pucciapoissy.fr\/wp-content\/uploads\/2024\/09\/puccia1-187x300.jpg 187w, https:\/\/pucciapoissy.fr\/wp-content\/uploads\/2024\/09\/puccia1-637x1024.jpg 637w, https:\/\/pucciapoissy.fr\/wp-content\/uploads\/2024\/09\/puccia1-600x964.jpg 600w\" sizes=\"(max-width: 672px) 100vw, 672px\" \/>\t\t\t\t\t\t\t<\/div>\n\t\t\t\t\t<\/div>\n\t\t\t\t<\/div>\n\t\t\t\t<\/div>\n\t\t\t\t<\/div>\n\t\t<div class=\"elementor-element elementor-element-f64f3a3 e-con-full e-flex e-con e-child\" data-id=\"f64f3a3\" data-element_type=\"container\">\n\t\t\t\t<div class=\"elementor-element elementor-element-872a9a4 elementor-widget__width-initial elementor-widget elementor-widget-fidalgo_core_section_title\" data-id=\"872a9a4\" data-element_type=\"widget\" data-widget_type=\"fidalgo_core_section_title.default\">\n\t\t\t\t<div class=\"elementor-widget-container\">\n\t\t\t\t\t<div class=\"qodef-shortcode qodef-m  qodef-section-title qodef-alignment--left  qodef-decoration--enabled\">\n\t\t<h3 class=\"qodef-m-title\" style=\"color: #F5BF41\">\n\t\t\t\t\tFormule  Salento 10,90\u20ac \t\t\t<\/h3>\n\t\t<h6  class=\"qodef-m-subtitle\" >\n\t\tSandwich + boisson \t<\/h6 >\n\t<\/div>\n\t\t\t\t<\/div>\n\t\t\t\t<\/div>\n\t\t\t\t<div class=\"elementor-element elementor-element-c982be3 elementor-widget__width-initial elementor-widget elementor-widget-fidalgo_core_section_title\" data-id=\"c982be3\" data-element_type=\"widget\" data-widget_type=\"fidalgo_core_section_title.default\">\n\t\t\t\t<div class=\"elementor-widget-container\">\n\t\t\t\t\t<div class=\"qodef-shortcode qodef-m  qodef-section-title qodef-alignment--left  qodef-decoration--enabled\">\n\t\t<h3 class=\"qodef-m-title\" style=\"color: #F5BF41\">\n\t\t\t\t\tFormule  Salento 13,90\u20ac \t\t\t<\/h3>\n\t\t<h6  class=\"qodef-m-subtitle\" >\n\t\tSandwich + dessert + boisson \t<\/h6 >\n\t<\/div>\n\t\t\t\t<\/div>\n\t\t\t\t<\/div>\n\t\t\t\t<div class=\"elementor-element elementor-element-c0dc4f0 elementor-widget__width-initial elementor-widget elementor-widget-fidalgo_core_restaurant_menu_list\" data-id=\"c0dc4f0\" data-element_type=\"widget\" data-widget_type=\"fidalgo_core_restaurant_menu_list.default\">\n\t\t\t\t<div class=\"elementor-widget-container\">\n\t\t\t\t\t<div class=\"qodef-shortcode qodef-m  qodef-restaurant-menu-list    qodef-skin--default qodef-grid qodef-layout--columns   qodef-vertical-gutter--custom qodef-col-num--1 qodef-item-layout--side-by-side   qodef-responsive--custom qodef-col-num--1512--1 qodef-col-num--1368--1 qodef-col-num--1200--1 qodef-col-num--1024--1 qodef-col-num--880--1 qodef-col-num--680--1\" style=\"--qode-vertical-gutter-custom: 15px;--qode-vertical-gutter-custom-1512: 15px;--qode-vertical-gutter-custom-1200: 15px;--qode-vertical-gutter-custom-880: 15px\">\n\t<div class=\"qodef-grid-inner\">\n\t\t<div class=\"qodef-e qodef-grid-item \">\n\t<div class=\"qodef-e-inner\">\n\t\t\t\t<div class=\"qodef-e-content\">\n\t\t\t<div class=\"qodef-e-heading\">\n\t\t\t\t<h5 class=\"qodef-e-title\" >\nAcc\u00e8s \u00e0 toutes les charcuteries fromages et l\u00e9gumes<\/h5>\n\t\t\t<\/div>\n\t\t\t\t\t<\/div>\n\t<\/div>\n<\/div>\n<div class=\"qodef-e qodef-grid-item \">\n\t<div class=\"qodef-e-inner\">\n\t\t\t\t<div class=\"qodef-e-content\">\n\t\t\t<div class=\"qodef-e-heading\">\n\t\t\t\t<h5 class=\"qodef-e-title\" >\nChoix : 1 charcuterie<\/h5>\n\t\t\t<\/div>\n\t\t\t\t\t<\/div>\n\t<\/div>\n<\/div>\n<div class=\"qodef-e qodef-grid-item \">\n\t<div class=\"qodef-e-inner\">\n\t\t\t\t<div class=\"qodef-e-content\">\n\t\t\t<div class=\"qodef-e-heading\">\n\t\t\t\t<h5 class=\"qodef-e-title\" >\nChoix : 1 fromage<\/h5>\n\t\t\t<\/div>\n\t\t\t\t\t<\/div>\n\t<\/div>\n<\/div>\n<div class=\"qodef-e qodef-grid-item \">\n\t<div class=\"qodef-e-inner\">\n\t\t\t\t<div class=\"qodef-e-content\">\n\t\t\t<div class=\"qodef-e-heading\">\n\t\t\t\t<h5 class=\"qodef-e-title\" >\nChoix : 2 l\u00e9gumes<\/h5>\n\t\t\t<\/div>\n\t\t\t\t\t<\/div>\n\t<\/div>\n<\/div>\n\t<\/div>\n<\/div>\n\t\t\t\t<\/div>\n\t\t\t\t<\/div>\n\t\t\t\t<\/div>\n\t\t\t\t<\/div>\n\t\t<div class=\"elementor-element elementor-element-71bab8d e-con-full qodef-elementor-content-grid e-flex e-con e-parent\" data-id=\"71bab8d\" data-element_type=\"container\">\n\t\t<div class=\"elementor-element elementor-element-134c900 e-con-full e-flex e-con e-child\" data-id=\"134c900\" data-element_type=\"container\">\n\t\t<div class=\"elementor-element elementor-element-ad1f2fc e-con-full e-flex e-con e-child\" data-id=\"ad1f2fc\" data-element_type=\"container\">\n\t\t\t\t<div class=\"elementor-element elementor-element-b581a27 elementor-widget__width-initial elementor-widget elementor-widget-fidalgo_core_single_image\" data-id=\"b581a27\" data-element_type=\"widget\" data-widget_type=\"fidalgo_core_single_image.default\">\n\t\t\t\t<div class=\"elementor-widget-container\">\n\t\t\t\t\t<div class=\"qodef-shortcode qodef-m  qodef-single-image qodef-layout--default      qodef--has-appear\" >\n\t\t\t<div class=\"qodef-m-image\">\n\t\t\t\t\t\t\t\t<img decoding=\"async\" width=\"1280\" height=\"960\" src=\"https:\/\/pucciapoissy.fr\/wp-content\/uploads\/2024\/09\/photo_2024-09-17_10-03-38.jpg\" class=\"attachment-full size-full\" alt=\"\" srcset=\"https:\/\/pucciapoissy.fr\/wp-content\/uploads\/2024\/09\/photo_2024-09-17_10-03-38.jpg 1280w, https:\/\/pucciapoissy.fr\/wp-content\/uploads\/2024\/09\/photo_2024-09-17_10-03-38-300x225.jpg 300w, https:\/\/pucciapoissy.fr\/wp-content\/uploads\/2024\/09\/photo_2024-09-17_10-03-38-1024x768.jpg 1024w, https:\/\/pucciapoissy.fr\/wp-content\/uploads\/2024\/09\/photo_2024-09-17_10-03-38-768x576.jpg 768w, https:\/\/pucciapoissy.fr\/wp-content\/uploads\/2024\/09\/photo_2024-09-17_10-03-38-600x450.jpg 600w\" sizes=\"(max-width: 1280px) 100vw, 1280px\" \/>\t\t\t\t\t\t\t<\/div>\n\t\t\t\t\t<\/div>\n\t\t\t\t<\/div>\n\t\t\t\t<\/div>\n\t\t\t\t<\/div>\n\t\t\t\t<\/div>\n\t\t<div class=\"elementor-element elementor-element-5cf85cd e-con-full e-flex e-con e-child\" data-id=\"5cf85cd\" data-element_type=\"container\">\n\t\t\t\t<div class=\"elementor-element elementor-element-b3edef9 elementor-widget__width-initial elementor-widget elementor-widget-fidalgo_core_section_title\" data-id=\"b3edef9\" data-element_type=\"widget\" data-widget_type=\"fidalgo_core_section_title.default\">\n\t\t\t\t<div class=\"elementor-widget-container\">\n\t\t\t\t\t<div class=\"qodef-shortcode qodef-m  qodef-section-title qodef-alignment--left  qodef-decoration--enabled\">\n\t\t<h3 class=\"qodef-m-title\" style=\"color: #F5BF41\">\n\t\t\t\t\tFormule V\u00c9G\u00c9 : 10\u20ac\t\t\t<\/h3>\n\t\t<h6  class=\"qodef-m-subtitle\" >\n\t\tSandwich + boisson\t<\/h6 >\n\t<\/div>\n\t\t\t\t<\/div>\n\t\t\t\t<\/div>\n\t\t\t\t<div class=\"elementor-element elementor-element-351cf3d elementor-widget__width-initial elementor-widget elementor-widget-fidalgo_core_section_title\" data-id=\"351cf3d\" data-element_type=\"widget\" data-widget_type=\"fidalgo_core_section_title.default\">\n\t\t\t\t<div class=\"elementor-widget-container\">\n\t\t\t\t\t<div class=\"qodef-shortcode qodef-m  qodef-section-title qodef-alignment--left  qodef-decoration--enabled\">\n\t\t<h3 class=\"qodef-m-title\" style=\"color: #F5BF41\">\n\t\t\t\t\tFormule V\u00c9G\u00c9 : 13,50\u20ac\t\t\t<\/h3>\n\t\t<h6  class=\"qodef-m-subtitle\" >\n\t\tSandwich + dessert + boisson\t<\/h6 >\n\t<\/div>\n\t\t\t\t<\/div>\n\t\t\t\t<\/div>\n\t\t\t\t<div class=\"elementor-element elementor-element-a3f6879 elementor-widget__width-initial elementor-widget elementor-widget-fidalgo_core_restaurant_menu_list\" data-id=\"a3f6879\" data-element_type=\"widget\" data-widget_type=\"fidalgo_core_restaurant_menu_list.default\">\n\t\t\t\t<div class=\"elementor-widget-container\">\n\t\t\t\t\t<div class=\"qodef-shortcode qodef-m  qodef-restaurant-menu-list    qodef-skin--default qodef-grid qodef-layout--columns   qodef-vertical-gutter--custom qodef-col-num--1 qodef-item-layout--side-by-side   qodef-responsive--custom qodef-col-num--1512--1 qodef-col-num--1368--1 qodef-col-num--1200--1 qodef-col-num--1024--1 qodef-col-num--880--1 qodef-col-num--680--1\" style=\"--qode-vertical-gutter-custom: 15px;--qode-vertical-gutter-custom-1512: 15px;--qode-vertical-gutter-custom-1200: 15px;--qode-vertical-gutter-custom-880: 15px\">\n\t<div class=\"qodef-grid-inner\">\n\t\t<div class=\"qodef-e qodef-grid-item \">\n\t<div class=\"qodef-e-inner\">\n\t\t\t\t<div class=\"qodef-e-content\">\n\t\t\t<div class=\"qodef-e-heading\">\n\t\t\t\t<h5 class=\"qodef-e-title\" >\n3 l\u00e9gumes + 1 fromage<\/h5>\n\t\t\t<\/div>\n\t\t\t\t\t<\/div>\n\t<\/div>\n<\/div>\n<div class=\"qodef-e qodef-grid-item \">\n\t<div class=\"qodef-e-inner\">\n\t\t\t\t<div class=\"qodef-e-content\">\n\t\t\t<div class=\"qodef-e-heading\">\n\t\t\t\t<h5 class=\"qodef-e-title\" >\n2 l\u00e9gumes + 2 fromages<\/h5>\n\t\t\t<\/div>\n\t\t\t\t\t<\/div>\n\t<\/div>\n<\/div>\n\t<\/div>\n<\/div>\n\t\t\t\t<\/div>\n\t\t\t\t<\/div>\n\t\t\t\t<\/div>\n\t\t\t\t<\/div>\n\t\t<div class=\"elementor-element elementor-element-e96a5ed e-con-full qodef-elementor-content-grid e-flex e-con e-parent\" data-id=\"e96a5ed\" data-element_type=\"container\">\n\t\t<div class=\"elementor-element elementor-element-7df6b61 e-con-full e-flex e-con e-child\" data-id=\"7df6b61\" data-element_type=\"container\">\n\t\t\t\t<div class=\"elementor-element elementor-element-ddaeb36 elementor-widget__width-initial e-transform e-transform e-transform e-transform elementor-widget elementor-widget-fidalgo_core_video_holder\" data-id=\"ddaeb36\" data-element_type=\"widget\" data-settings=\"{&quot;_transform_rotateZ_effect&quot;:{&quot;unit&quot;:&quot;px&quot;,&quot;size&quot;:&quot;&quot;,&quot;sizes&quot;:[]},&quot;_transform_rotateZ_effect_tablet&quot;:{&quot;unit&quot;:&quot;deg&quot;,&quot;size&quot;:&quot;&quot;,&quot;sizes&quot;:[]},&quot;_transform_rotateZ_effect_mobile&quot;:{&quot;unit&quot;:&quot;deg&quot;,&quot;size&quot;:&quot;&quot;,&quot;sizes&quot;:[]},&quot;_transform_translateX_effect&quot;:{&quot;unit&quot;:&quot;px&quot;,&quot;size&quot;:&quot;&quot;,&quot;sizes&quot;:[]},&quot;_transform_translateX_effect_tablet&quot;:{&quot;unit&quot;:&quot;px&quot;,&quot;size&quot;:&quot;&quot;,&quot;sizes&quot;:[]},&quot;_transform_translateX_effect_mobile&quot;:{&quot;unit&quot;:&quot;px&quot;,&quot;size&quot;:&quot;&quot;,&quot;sizes&quot;:[]},&quot;_transform_translateY_effect&quot;:{&quot;unit&quot;:&quot;px&quot;,&quot;size&quot;:&quot;&quot;,&quot;sizes&quot;:[]},&quot;_transform_translateY_effect_tablet&quot;:{&quot;unit&quot;:&quot;px&quot;,&quot;size&quot;:&quot;&quot;,&quot;sizes&quot;:[]},&quot;_transform_translateY_effect_mobile&quot;:{&quot;unit&quot;:&quot;px&quot;,&quot;size&quot;:&quot;&quot;,&quot;sizes&quot;:[]},&quot;_transform_scale_effect&quot;:{&quot;unit&quot;:&quot;px&quot;,&quot;size&quot;:&quot;&quot;,&quot;sizes&quot;:[]},&quot;_transform_scale_effect_tablet&quot;:{&quot;unit&quot;:&quot;px&quot;,&quot;size&quot;:&quot;&quot;,&quot;sizes&quot;:[]},&quot;_transform_scale_effect_mobile&quot;:{&quot;unit&quot;:&quot;px&quot;,&quot;size&quot;:&quot;&quot;,&quot;sizes&quot;:[]},&quot;_transform_skewX_effect&quot;:{&quot;unit&quot;:&quot;px&quot;,&quot;size&quot;:&quot;&quot;,&quot;sizes&quot;:[]},&quot;_transform_skewX_effect_tablet&quot;:{&quot;unit&quot;:&quot;deg&quot;,&quot;size&quot;:&quot;&quot;,&quot;sizes&quot;:[]},&quot;_transform_skewX_effect_mobile&quot;:{&quot;unit&quot;:&quot;deg&quot;,&quot;size&quot;:&quot;&quot;,&quot;sizes&quot;:[]},&quot;_transform_skewY_effect&quot;:{&quot;unit&quot;:&quot;px&quot;,&quot;size&quot;:&quot;&quot;,&quot;sizes&quot;:[]},&quot;_transform_skewY_effect_tablet&quot;:{&quot;unit&quot;:&quot;deg&quot;,&quot;size&quot;:&quot;&quot;,&quot;sizes&quot;:[]},&quot;_transform_skewY_effect_mobile&quot;:{&quot;unit&quot;:&quot;deg&quot;,&quot;size&quot;:&quot;&quot;,&quot;sizes&quot;:[]}}\" data-widget_type=\"fidalgo_core_video_holder.default\">\n\t\t\t\t<div class=\"elementor-widget-container\">\n\t\t\t\t\t<div class=\"qodef-shortcode qodef-m qodef--custom-transform qodef-video-holder \">\n\t\n    <div class=\"qodef-m-video\">\n\t\t<div class=\"qodef-m-position-holder\">\n\t\t\t<img decoding=\"async\" src=\"https:\/\/pucciapoissy.fr\/wp-content\/uploads\/2024\/09\/menupucciapates.jpg\" alt=\"\">\n\t\t<\/div>\n        <video autoplay=\"autoplay\" loop=\"loop\" muted=\"muted\" playsinline=\"\" style=\"--qode-border-radius: 0px 0px 200px 0px\" poster=\"https:\/\/pucciapoissy.fr\/wp-content\/uploads\/2024\/09\/menupucciapates.jpg\">\n            <source src=\"https:\/\/littleitaly-poissy.fr\/wp-content\/uploads\/2024\/09\/videopuccia.mp4\">\n        <\/video>\n    <\/div>\n\t\t<\/div>\t\t\t\t<\/div>\n\t\t\t\t<\/div>\n\t\t\t\t<\/div>\n\t\t<div class=\"elementor-element elementor-element-2b11e41 e-con-full e-flex e-con e-child\" data-id=\"2b11e41\" data-element_type=\"container\">\n\t\t\t\t<div class=\"elementor-element elementor-element-777cd20 elementor-widget__width-auto elementor-widget elementor-widget-fidalgo_core_section_title\" data-id=\"777cd20\" data-element_type=\"widget\" data-widget_type=\"fidalgo_core_section_title.default\">\n\t\t\t\t<div class=\"elementor-widget-container\">\n\t\t\t\t\t<div class=\"qodef-shortcode qodef-m  qodef-section-title qodef-alignment--left  qodef-decoration--enabled\">\n\t\t<h5 class=\"qodef-m-title\" style=\"color: #F5BF41\">\n\t\t\t\t\tFormule P\u00e2tes + boisson : 13,20\u20ac\t\t\t<\/h5>\n\t\t<\/div>\n\t\t\t\t<\/div>\n\t\t\t\t<\/div>\n\t\t\t\t<div class=\"elementor-element elementor-element-cc243e8 elementor-widget__width-auto elementor-widget elementor-widget-fidalgo_core_section_title\" data-id=\"cc243e8\" data-element_type=\"widget\" data-widget_type=\"fidalgo_core_section_title.default\">\n\t\t\t\t<div class=\"elementor-widget-container\">\n\t\t\t\t\t<div class=\"qodef-shortcode qodef-m  qodef-section-title qodef-alignment--left  qodef-decoration--enabled\">\n\t\t<h5 class=\"qodef-m-title\" style=\"color: #F5BF41\">\n\t\t\t\t\tFormule p\u00e2tes + boissons, desserts : 16,20\u20ac\t\t\t<\/h5>\n\t\t<\/div>\n\t\t\t\t<\/div>\n\t\t\t\t<\/div>\n\t\t\t\t<div class=\"elementor-element elementor-element-c55b06e elementor-widget__width-auto elementor-widget elementor-widget-fidalgo_core_section_title\" data-id=\"c55b06e\" data-element_type=\"widget\" data-widget_type=\"fidalgo_core_section_title.default\">\n\t\t\t\t<div class=\"elementor-widget-container\">\n\t\t\t\t\t<div class=\"qodef-shortcode qodef-m  qodef-section-title qodef-alignment--left  qodef-decoration--enabled\">\n\t\t<h5 class=\"qodef-m-title\" style=\"color: #F5BF41\">\n\t\t\t\t\t Formule Salade + boisson : 12,90\u20ac\t\t\t<\/h5>\n\t\t<\/div>\n\t\t\t\t<\/div>\n\t\t\t\t<\/div>\n\t\t\t\t<div class=\"elementor-element elementor-element-6cd043d elementor-widget__width-auto elementor-widget elementor-widget-fidalgo_core_section_title\" data-id=\"6cd043d\" data-element_type=\"widget\" data-widget_type=\"fidalgo_core_section_title.default\">\n\t\t\t\t<div class=\"elementor-widget-container\">\n\t\t\t\t\t<div class=\"qodef-shortcode qodef-m  qodef-section-title qodef-alignment--left  qodef-decoration--enabled\">\n\t\t<h5 class=\"qodef-m-title\" style=\"color: #F5BF41\">\n\t\t\t\t\tFormule Salade + dessert + boisson : 15,90\u20ac\t\t\t<\/h5>\n\t\t<\/div>\n\t\t\t\t<\/div>\n\t\t\t\t<\/div>\n\t\t\t\t<\/div>\n\t\t\t\t<\/div>\n\t\t\t\t<\/div>\n\t\t","protected":false},"excerpt":{"rendered":"<p>Puccia \u00a0 PAin italien cuit au feu de bois, typique du salento dans le sud des pouilles. cette petite boule de p\u00e2te \u00e0 pizza, \u00e0 la fois croquante et savoureuse \u00e0 la mie fine en fait un sandwich original et gourmand. Formule Prima 9,50\u20ac Sandwich + boisson Formule Prima 12,50\u20ac Sandwich + dessert + boisson [&hellip;]<\/p>\n","protected":false},"author":1,"featured_media":0,"parent":0,"menu_order":0,"comment_status":"closed","ping_status":"closed","template":"page-full-width.php","meta":{"footnotes":""},"class_list":["post-3816","page","type-page","status-publish","hentry"],"_links":{"self":[{"href":"https:\/\/pucciapoissy.fr\/index.php?rest_route=\/wp\/v2\/pages\/3816","targetHints":{"allow":["GET"]}}],"collection":[{"href":"https:\/\/pucciapoissy.fr\/index.php?rest_route=\/wp\/v2\/pages"}],"about":[{"href":"https:\/\/pucciapoissy.fr\/index.php?rest_route=\/wp\/v2\/types\/page"}],"author":[{"embeddable":true,"href":"https:\/\/pucciapoissy.fr\/index.php?rest_route=\/wp\/v2\/users\/1"}],"replies":[{"embeddable":true,"href":"https:\/\/pucciapoissy.fr\/index.php?rest_route=%2Fwp%2Fv2%2Fcomments&post=3816"}],"version-history":[{"count":91,"href":"https:\/\/pucciapoissy.fr\/index.php?rest_route=\/wp\/v2\/pages\/3816\/revisions"}],"predecessor-version":[{"id":11989,"href":"https:\/\/pucciapoissy.fr\/index.php?rest_route=\/wp\/v2\/pages\/3816\/revisions\/11989"}],"wp:attachment":[{"href":"https:\/\/pucciapoissy.fr\/index.php?rest_route=%2Fwp%2Fv2%2Fmedia&parent=3816"}],"curies":[{"name":"wp","href":"https:\/\/api.w.org\/{rel}","templated":true}]}}