{"id":3710,"date":"2023-10-23T12:54:45","date_gmt":"2023-10-23T12:54:45","guid":{"rendered":"https:\/\/fidalgo.qodeinteractive.com\/?page_id=3710"},"modified":"2024-10-03T13:17:15","modified_gmt":"2024-10-03T13:17:15","slug":"steak-house","status":"publish","type":"page","link":"https:\/\/pucciapoissy.fr\/","title":{"rendered":"Puccia Poissy"},"content":{"rendered":"\t\t<div data-elementor-type=\"wp-page\" data-elementor-id=\"3710\" class=\"elementor elementor-3710\">\n\t\t\t\t<div class=\"elementor-element elementor-element-9d0e0ac e-con-full e-flex e-con e-parent\" data-id=\"9d0e0ac\" data-element_type=\"container\">\n\t\t\t\t<div class=\"elementor-element elementor-element-a6999e9 elementor-widget elementor-widget-fidalgo_core_horizontal_scroll_showcase\" data-id=\"a6999e9\" data-element_type=\"widget\" data-widget_type=\"fidalgo_core_horizontal_scroll_showcase.default\">\n\t\t\t\t<div class=\"elementor-widget-container\">\n\t\t\t\t\t<div class=\"qodef-shortcode qodef-m  qodef-horizontal-scroll-showcase qodef--retina\">\n\n\t\n\t<div class=\"qodef-hl-intro\">\n\t\t\t\t\t<img decoding=\"async\" class=\"qodef-hl-intro-bg\" src=\"https:\/\/pucciapoissy.fr\/wp-content\/uploads\/2024\/09\/photo_2024-09-16_17-31-06.jpg\"\n\t\t\t     alt=\"11692Puccia Poissy\"\/>\n\n\t\t\n\t\t\t\t\t<div class=\"qodef-hl-intro-top\">\n\t\t\t\t\t\t\t\t\t<span class=\"qodef-hl-intro-title\">Puccia Poissy<\/span>\n\t\t\t\t\t\t\t\t\t\t\t\t\t<div class=\"qodef-hl-intro-btn\">\n\t\t\t\t\t\t<a class=\"qodef-shortcode qodef-m  qodef-button qodef-layout--outlined  qodef-html--link\" href=\"https:\/\/pucciapoissy.fr\/?page_id=4914\" target=\"_self\"  >\t<span class=\"qodef-m-text\">Click &amp; collect<\/span><\/a>\t\t\t\t\t<\/div>\n\t\t\t\t\t\t\t<\/div>\n\t\t\n\t\t\n\t\t\t\t\t<div class=\"qodef-intro-social-links\">\n\t\t\t\t\t\t\t\t\t\t\t\t\t\t<div class=\"qodef-link-holder\">\n\t\t\t\t\t<a href=\"https:\/\/www.instagram.com\/\" target=\"_blank\"> \t\t\t\t\tin\t\t\t\t\t\t\t\t\t\t<\/a> \t\t\t\t\t<\/div>\n\t\t\t\t\t\t\t\t<\/div>\n\t\t\t<\/div>\n\n\t<div class=\"qodef-hl-items-wrapper\">\n\t\t\t\t\t\t\t\t\t\t<div class=\"qodef-hl-item\" data-type=\"image\">\n\t\t\t\t\t<div class=\"qodef-hli-grid\">\n\t\t\t\t\t\t<div class=\"qodef-hli-btm\">\n\t\t\t\t\t\t\t<div class=\"qodef-hli-btm-inner\">\n\t\t\t\t\t\t\t\t\t\t\t\t\t\t\t\t<a href=\"https:\/\/pucciapoissy.fr\/?page_id=3816\"\n\t\t\t\t\t\t\t\t   target=\"_self\"> \t\t\t\t\t\t\t\t\t\t\t\t\t\t\t\t\t\t\t\t\t\t\t\t\t\t\t\t\t<div class=\"qodef-hli-btm-item qodef-hli-image\">\n\t\t\t\t\t\t\t\t\t\t\t<div class=\"qodef-hli-btm-bg-image\">\n\t\t\t\t\t\t\t\t\t\t\t\t\t\t\t\t\t\t\t\t\t\t\t\t<div class=\"qodef-hli-btm-bg-image-inner\">\n\t\t\t\t\t\t\t\t\t\t\t\t\t\t\t\t\t\t\t\t\t\t\t\t\t\t\t<img decoding=\"async\" src=\"https:\/\/pucciapoissy.fr\/wp-content\/uploads\/2024\/09\/puccia2.jpg\"\n\t\t\t\t\t\t\t\t\t\t\t\t\t\t     alt=\"11912Puccia Poissy\"\/>\n\t\t\t\t\t\t\t\t\t\t\t\t\t\t\t\t\t\t\t\t\t\t\t\t\t<\/div>\n\t\t\t\t\t\t\t\t\t\t\t<\/div>\n\t\t\t\t\t\t\t\t\t\t<\/div>\n\t\t\t\t\t\t\t\t\t\t\t\t\t\t\t\t\t\t\t\t\t\t\t\t\t\t<\/a> \t\t\t\t\t\t\t\t<div class=\"qodef-hli-mid\">\n\t\t\t\t\t\t\t\t\t<h2 class=\"qodef-hli-title\">\n\t\t\t\t\t\t\t\t\t\t<span>\n\t\t\t\t\t\t\t\t\t\t\t\t\t\t\t\t\t\t\t\t\t\t<a href=\"https:\/\/pucciapoissy.fr\/?page_id=3816\"\n\t\t\t\t\t\t\t\t\t\t\t   target=\"_self\"> \t\t\t\t\t\t\t\t\t\t\t\tFormule Prima\t\t\t\t\t\t\t\t\t\t\t\t\t\t\t\t\t\t\t\t\t\t\t<\/a> \t\t\t\t\t\t\t\t\t\t<\/span>\n\t\t\t\t\t\t\t\t\t<\/h2>\n\t\t\t\t\t\t\t\t\t\t\t\t\t\t\t\t\t\t\t<p class=\"qodef-hli-text\">\n\t\t\t\t\t\t\t\t\t\t\t \u00e0 partir de 9,50\u20ac \t\t\t\t\t\t\t\t\t\t<\/p>\n\t\t\t\t\t\t\t\t\t\t\t\t\t\t\t\t\t<\/div>\n\t\t\t\t\t\t\t\t\t\t\t\t\t\t\t\t\t<span class=\"qodef-scroll-text\">scroll<\/span>\n\t\t\t\t\t\t\t\t\t\t\t\t\t\t\t<\/div>\n\t\t\t\t\t\t<\/div>\n\t\t\t\t\t<\/div>\n\t\t\t\t<\/div>\n\t\t\t\t\t\t\t\t\t\t\t\t<div class=\"qodef-hl-item\" data-type=\"image\">\n\t\t\t\t\t<div class=\"qodef-hli-grid\">\n\t\t\t\t\t\t<div class=\"qodef-hli-btm\">\n\t\t\t\t\t\t\t<div class=\"qodef-hli-btm-inner\">\n\t\t\t\t\t\t\t\t\t\t\t\t\t\t\t\t<a href=\"https:\/\/pucciapoissy.fr\/?page_id=3816\"\n\t\t\t\t\t\t\t\t   target=\"_self\"> \t\t\t\t\t\t\t\t\t\t\t\t\t\t\t\t\t\t\t\t\t\t\t\t\t\t\t\t\t<div class=\"qodef-hli-btm-item qodef-hli-image\">\n\t\t\t\t\t\t\t\t\t\t\t<div class=\"qodef-hli-btm-bg-image\">\n\t\t\t\t\t\t\t\t\t\t\t\t\t\t\t\t\t\t\t\t\t\t\t\t<div class=\"qodef-hli-btm-bg-image-inner\">\n\t\t\t\t\t\t\t\t\t\t\t\t\t\t\t\t\t\t\t\t\t\t\t\t\t\t\t<img decoding=\"async\" src=\"https:\/\/pucciapoissy.fr\/wp-content\/uploads\/2024\/09\/menupucciasalento.jpg\"\n\t\t\t\t\t\t\t\t\t\t\t\t\t\t     alt=\"11920Puccia Poissy\"\/>\n\t\t\t\t\t\t\t\t\t\t\t\t\t\t\t\t\t\t\t\t\t\t\t\t\t<\/div>\n\t\t\t\t\t\t\t\t\t\t\t<\/div>\n\t\t\t\t\t\t\t\t\t\t<\/div>\n\t\t\t\t\t\t\t\t\t\t\t\t\t\t\t\t\t\t\t\t\t\t\t\t\t\t<\/a> \t\t\t\t\t\t\t\t<div class=\"qodef-hli-mid\">\n\t\t\t\t\t\t\t\t\t<h2 class=\"qodef-hli-title\">\n\t\t\t\t\t\t\t\t\t\t<span>\n\t\t\t\t\t\t\t\t\t\t\t\t\t\t\t\t\t\t\t\t\t\t<a href=\"https:\/\/pucciapoissy.fr\/?page_id=3816\"\n\t\t\t\t\t\t\t\t\t\t\t   target=\"_self\"> \t\t\t\t\t\t\t\t\t\t\t\tFormule Salento\t\t\t\t\t\t\t\t\t\t\t\t\t\t\t\t\t\t\t\t\t\t\t<\/a> \t\t\t\t\t\t\t\t\t\t<\/span>\n\t\t\t\t\t\t\t\t\t<\/h2>\n\t\t\t\t\t\t\t\t\t\t\t\t\t\t\t\t\t\t\t<p class=\"qodef-hli-text\">\n\t\t\t\t\t\t\t\t\t\t\t \u00e0 partir de 10,90\u20ac\t\t\t\t\t\t\t\t\t\t<\/p>\n\t\t\t\t\t\t\t\t\t\t\t\t\t\t\t\t\t<\/div>\n\t\t\t\t\t\t\t\t\t\t\t\t\t\t\t<\/div>\n\t\t\t\t\t\t<\/div>\n\t\t\t\t\t<\/div>\n\t\t\t\t<\/div>\n\t\t\t\t\t\t\t\t\t\t\t\t<div class=\"qodef-hl-item\" data-type=\"image\">\n\t\t\t\t\t<div class=\"qodef-hli-grid\">\n\t\t\t\t\t\t<div class=\"qodef-hli-btm\">\n\t\t\t\t\t\t\t<div class=\"qodef-hli-btm-inner\">\n\t\t\t\t\t\t\t\t\t\t\t\t\t\t\t\t<a href=\"https:\/\/pucciapoissy.fr\/?page_id=3816\"\n\t\t\t\t\t\t\t\t   target=\"_self\"> \t\t\t\t\t\t\t\t\t\t\t\t\t\t\t\t\t\t\t\t\t\t\t\t\t\t\t\t\t<div class=\"qodef-hli-btm-item qodef-hli-image\">\n\t\t\t\t\t\t\t\t\t\t\t<div class=\"qodef-hli-btm-bg-image\">\n\t\t\t\t\t\t\t\t\t\t\t\t\t\t\t\t\t\t\t\t\t\t\t\t<div class=\"qodef-hli-btm-bg-image-inner\">\n\t\t\t\t\t\t\t\t\t\t\t\t\t\t\t\t\t\t\t\t\t\t\t\t\t\t\t<img decoding=\"async\" src=\"https:\/\/pucciapoissy.fr\/wp-content\/uploads\/2024\/09\/menupucciaveg.jpg\"\n\t\t\t\t\t\t\t\t\t\t\t\t\t\t     alt=\"11924Puccia Poissy\"\/>\n\t\t\t\t\t\t\t\t\t\t\t\t\t\t\t\t\t\t\t\t\t\t\t\t\t<\/div>\n\t\t\t\t\t\t\t\t\t\t\t<\/div>\n\t\t\t\t\t\t\t\t\t\t<\/div>\n\t\t\t\t\t\t\t\t\t\t\t\t\t\t\t\t\t\t\t\t\t\t\t\t\t\t<\/a> \t\t\t\t\t\t\t\t<div class=\"qodef-hli-mid\">\n\t\t\t\t\t\t\t\t\t<h2 class=\"qodef-hli-title\">\n\t\t\t\t\t\t\t\t\t\t<span>\n\t\t\t\t\t\t\t\t\t\t\t\t\t\t\t\t\t\t\t\t\t\t<a href=\"https:\/\/pucciapoissy.fr\/?page_id=3816\"\n\t\t\t\t\t\t\t\t\t\t\t   target=\"_self\"> \t\t\t\t\t\t\t\t\t\t\t\tFormule V\u00e9g\u00e9\t\t\t\t\t\t\t\t\t\t\t\t\t\t\t\t\t\t\t\t\t\t\t<\/a> \t\t\t\t\t\t\t\t\t\t<\/span>\n\t\t\t\t\t\t\t\t\t<\/h2>\n\t\t\t\t\t\t\t\t\t\t\t\t\t\t\t\t\t\t\t<p class=\"qodef-hli-text\">\n\t\t\t\t\t\t\t\t\t\t\t \u00e0 partir de 10\u20ac\t\t\t\t\t\t\t\t\t\t<\/p>\n\t\t\t\t\t\t\t\t\t\t\t\t\t\t\t\t\t<\/div>\n\t\t\t\t\t\t\t\t\t\t\t\t\t\t\t<\/div>\n\t\t\t\t\t\t<\/div>\n\t\t\t\t\t<\/div>\n\t\t\t\t<\/div>\n\t\t\t\t\t\t\t\t\t\t\t\t<div class=\"qodef-hl-item\" data-type=\"image\">\n\t\t\t\t\t<div class=\"qodef-hli-grid\">\n\t\t\t\t\t\t<div class=\"qodef-hli-btm\">\n\t\t\t\t\t\t\t<div class=\"qodef-hli-btm-inner\">\n\t\t\t\t\t\t\t\t\t\t\t\t\t\t\t\t<a href=\"https:\/\/pucciapoissy.fr\/?page_id=3816\"\n\t\t\t\t\t\t\t\t   target=\"_self\"> \t\t\t\t\t\t\t\t\t\t\t\t\t\t\t\t\t\t\t\t\t\t\t\t\t\t\t\t\t<div class=\"qodef-hli-btm-item qodef-hli-image\">\n\t\t\t\t\t\t\t\t\t\t\t<div class=\"qodef-hli-btm-bg-image\">\n\t\t\t\t\t\t\t\t\t\t\t\t\t\t\t\t\t\t\t\t\t\t\t\t<div class=\"qodef-hli-btm-bg-image-inner\">\n\t\t\t\t\t\t\t\t\t\t\t\t\t\t\t\t\t\t\t\t\t\t\t\t\t\t\t<img decoding=\"async\" src=\"https:\/\/pucciapoissy.fr\/wp-content\/uploads\/2024\/09\/menupucciapates.jpg\"\n\t\t\t\t\t\t\t\t\t\t\t\t\t\t     alt=\"11932Puccia Poissy\"\/>\n\t\t\t\t\t\t\t\t\t\t\t\t\t\t\t\t\t\t\t\t\t\t\t\t\t<\/div>\n\t\t\t\t\t\t\t\t\t\t\t<\/div>\n\t\t\t\t\t\t\t\t\t\t<\/div>\n\t\t\t\t\t\t\t\t\t\t\t\t\t\t\t\t\t\t\t\t\t\t\t\t\t\t<\/a> \t\t\t\t\t\t\t\t<div class=\"qodef-hli-mid\">\n\t\t\t\t\t\t\t\t\t<h2 class=\"qodef-hli-title\">\n\t\t\t\t\t\t\t\t\t\t<span>\n\t\t\t\t\t\t\t\t\t\t\t\t\t\t\t\t\t\t\t\t\t\t<a href=\"https:\/\/pucciapoissy.fr\/?page_id=3816\"\n\t\t\t\t\t\t\t\t\t\t\t   target=\"_self\"> \t\t\t\t\t\t\t\t\t\t\t\tFormule P\u00e2tes + boisson\t\t\t\t\t\t\t\t\t\t\t\t\t\t\t\t\t\t\t\t\t\t\t<\/a> \t\t\t\t\t\t\t\t\t\t<\/span>\n\t\t\t\t\t\t\t\t\t<\/h2>\n\t\t\t\t\t\t\t\t\t\t\t\t\t\t\t\t\t\t\t<p class=\"qodef-hli-text\">\n\t\t\t\t\t\t\t\t\t\t\t\u00e0 partir de 13,20\u20ac\t\t\t\t\t\t\t\t\t\t<\/p>\n\t\t\t\t\t\t\t\t\t\t\t\t\t\t\t\t\t<\/div>\n\t\t\t\t\t\t\t\t\t\t\t\t\t\t\t<\/div>\n\t\t\t\t\t\t<\/div>\n\t\t\t\t\t<\/div>\n\t\t\t\t<\/div>\n\t\t\t\t\t\t\t\t\t\t\t\t<div class=\"qodef-hl-item\" data-type=\"image\">\n\t\t\t\t\t<div class=\"qodef-hli-grid\">\n\t\t\t\t\t\t<div class=\"qodef-hli-btm\">\n\t\t\t\t\t\t\t<div class=\"qodef-hli-btm-inner\">\n\t\t\t\t\t\t\t\t\t\t\t\t\t\t\t\t<a href=\"https:\/\/pucciapoissy.fr\/?page_id=3816\"\n\t\t\t\t\t\t\t\t   target=\"_self\"> \t\t\t\t\t\t\t\t\t\t\t\t\t\t\t\t\t\t\t\t\t\t\t\t\t\t\t\t\t<div class=\"qodef-hli-btm-item qodef-hli-image\">\n\t\t\t\t\t\t\t\t\t\t\t<div class=\"qodef-hli-btm-bg-image\">\n\t\t\t\t\t\t\t\t\t\t\t\t\t\t\t\t\t\t\t\t\t\t\t\t<div class=\"qodef-hli-btm-bg-image-inner\">\n\t\t\t\t\t\t\t\t\t\t\t\t\t\t\t\t\t\t\t\t\t\t\t\t\t\t\t<img decoding=\"async\" src=\"https:\/\/pucciapoissy.fr\/wp-content\/uploads\/2024\/09\/menupucciasalade.jpg\"\n\t\t\t\t\t\t\t\t\t\t\t\t\t\t     alt=\"11928Puccia Poissy\"\/>\n\t\t\t\t\t\t\t\t\t\t\t\t\t\t\t\t\t\t\t\t\t\t\t\t\t<\/div>\n\t\t\t\t\t\t\t\t\t\t\t<\/div>\n\t\t\t\t\t\t\t\t\t\t<\/div>\n\t\t\t\t\t\t\t\t\t\t\t\t\t\t\t\t\t\t\t\t\t\t\t\t\t\t<\/a> \t\t\t\t\t\t\t\t<div class=\"qodef-hli-mid\">\n\t\t\t\t\t\t\t\t\t<h2 class=\"qodef-hli-title\">\n\t\t\t\t\t\t\t\t\t\t<span>\n\t\t\t\t\t\t\t\t\t\t\t\t\t\t\t\t\t\t\t\t\t\t<a href=\"https:\/\/pucciapoissy.fr\/?page_id=3816\"\n\t\t\t\t\t\t\t\t\t\t\t   target=\"_self\"> \t\t\t\t\t\t\t\t\t\t\t\tFormule Salade + boisson\t\t\t\t\t\t\t\t\t\t\t\t\t\t\t\t\t\t\t\t\t\t\t<\/a> \t\t\t\t\t\t\t\t\t\t<\/span>\n\t\t\t\t\t\t\t\t\t<\/h2>\n\t\t\t\t\t\t\t\t\t\t\t\t\t\t\t\t\t\t\t<p class=\"qodef-hli-text\">\n\t\t\t\t\t\t\t\t\t\t\t\u00e0 partir de 12,90\u20ac\t\t\t\t\t\t\t\t\t\t<\/p>\n\t\t\t\t\t\t\t\t\t\t\t\t\t\t\t\t\t<\/div>\n\t\t\t\t\t\t\t\t\t\t\t\t\t\t\t<\/div>\n\t\t\t\t\t\t<\/div>\n\t\t\t\t\t<\/div>\n\t\t\t\t<\/div>\n\t\t\t\t\t<\/div>\n\n\t<div class=\"qodef-hl-cta\" style=\"background-color: #161B20;background-image: url(&quot;https:\/\/pucciapoissy.fr\/wp-content\/uploads\/2024\/09\/fondlog.png&quot;);background-position: top center;background-repeat: no-repeat;background-size: contain\">\n\n\t\t\t\t\t<div class=\"qodef-hl-cta-section-one\">\n\t\t\t\t\t\t\t\t\t<div class=\"qodef-hl-cta-text\"><h5 style=\"margin-bottom: 10px\">contact<\/h5><p><a class=\" qodef--light-hover\" style=\"font-weight: 300;color: #cecece\" href=\"https:\/\/www.google.com\/maps\/\" target=\"_blank\" rel=\"noopener\">19 Rue du G\u00e9n\u00e9ral de Gaulle, 78300 Poissy<\/a><br \/><a class=\" qodef--light-hover\" style=\"font-weight: 300;color: #cecece\" href=\"tel:0134014769\">01 34 01 47 69<\/a><\/p><p><a class=\" qodef--light-hover\" style=\"font-weight: 300;color: #cecece\" href=\"mailto:puccia.poissy@gmail.com\">puccia.poissy@gmail.com<\/a><\/p><h5 style=\"margin: 45px 0px 10px\">PaiEments ACCEPT\u00e9s<\/h5><p style=\"font-weight: 300;color: #cecece\">Esp\u00e8ces, CB, Titres restaurant d\u00e9mat\u00e9rialis\u00e9s.<\/p><h5 style=\"margin: 45px 0px 10px\">hORAIRES<\/h5><p style=\"font-weight: 300;color: #cecece\">Du lundi au samedi<br \/>11h - 18h30<\/p><\/div>\n\t\t\t\t\t\t\t<\/div>\n\t\t\t\t<div class=\"qodef-hl-cta-section-two\">\n\t\t\t<span class=\"qodef-scroll-back\">Retour<\/span>\n\t\t<\/div>\n\t<\/div>\n\n\t\t\t<div class=\"qodef-m-stamp\">\n\t\t\t<div class=\"qodef-shortcode qodef-m  qodef-stamp qodef--has-appear qodef-hide-on--880  qodef-stamp--rotation\"   data-appear-delay=\"300\">\t<div class=\"qodef-m-circle\" style=\"background-color: #161B20A8\">\t\t<svg class=\"qodef-svg--circle\" xmlns=\"http:\/\/www.w3.org\/2000\/svg\" width=\"84\" height=\"84\" viewBox=\"0 0 84 84\"><path d=\"M42.5.5a42 42 0 1 1-42 42 42 42 0 0 1 42-42Z\"><\/path><\/svg>\t<\/div>\t<div class=\"qodef-m-text\" data-count=\"43\"><span class=\"qodef-m-character\">c<\/span> <span class=\"qodef-m-character\">l<\/span> <span class=\"qodef-m-character\">i<\/span> <span class=\"qodef-m-character\">c<\/span> <span class=\"qodef-m-character\">k<\/span> <span class=\"qodef-m-character\"> <\/span> <span class=\"qodef-m-character\">&amp;<\/span> <span class=\"qodef-m-character\"> <\/span> <span class=\"qodef-m-character\">c<\/span> <span class=\"qodef-m-character\">o<\/span> <span class=\"qodef-m-character\">l<\/span> <span class=\"qodef-m-character\">l<\/span> <span class=\"qodef-m-character\">e<\/span> <span class=\"qodef-m-character\">c<\/span> <span class=\"qodef-m-character\">t<\/span> <span class=\"qodef-m-character\"> <\/span> <span class=\"qodef-m-character\"> <\/span> <span class=\"qodef-m-character\"> <\/span> <span class=\"qodef-m-character\"> <\/span> <span class=\"qodef-m-character\"> <\/span> <span class=\"qodef-m-character\">b<\/span> <span class=\"qodef-m-character\">i<\/span> <span class=\"qodef-m-character\">e<\/span> <span class=\"qodef-m-character\">n<\/span> <span class=\"qodef-m-character\">t<\/span> <span class=\"qodef-m-character\">\u00f4<\/span> <span class=\"qodef-m-character\">t<\/span> <span class=\"qodef-m-character\"> <\/span> <span class=\"qodef-m-character\">d<\/span> <span class=\"qodef-m-character\">i<\/span> <span class=\"qodef-m-character\">s<\/span> <span class=\"qodef-m-character\">p<\/span> <span class=\"qodef-m-character\">o<\/span> <span class=\"qodef-m-character\">n<\/span> <span class=\"qodef-m-character\">i<\/span> <span class=\"qodef-m-character\">b<\/span> <span class=\"qodef-m-character\">l<\/span> <span class=\"qodef-m-character\">e<\/span> <span class=\"qodef-m-character\"> <\/span> <span class=\"qodef-m-character\"> <\/span> <span class=\"qodef-m-character\"> <\/span> <span class=\"qodef-m-character\"> <\/span> <span class=\"qodef-m-character\"> <\/span><\/div>\t<div class=\"qodef-m-stamp-diamonds\" >\t\t<svg class=\"qodef-svg--diamonds-stamp\" xmlns=\"http:\/\/www.w3.org\/2000\/svg\" width=\"81.353\" height=\"78.929\" viewBox=\"0 0 81.353 78.929\"><g fill=\"none\" stroke-linecap=\"square\" stroke=\"currentColor\"><path d=\"m51.23123306 30.91599651-.00259332-.0159146-.01243433.01006912-13.12375758-5.03888837-13.1565878-5.04447197 2.20582406 13.9122256 2.1994168 13.8852451-.01243434.01006913.01735909.00395752-.00036744.01702543.01243433-.01006913 13.12516405 5.0390362 13.14959348 5.05013585-2.19882974-13.91788948-2.20082326-13.88539294.01243433-.01006912Z\"\/><path d=\"m65.99700633 18.95890908-.00259332-.0159146-.01243434.01006912-13.12375757-5.03888837-13.1565878-5.04447197 2.20582405 13.9122256 2.1994168 13.8852451-.01243433.01006913.01735909.00395752-.00036744.01702543.01243433-.01006913 13.12516405 5.0390362 13.14959348 5.05013585-2.19882974-13.91788948-2.20082327-13.88539294.01243434-.01006912Z\"\/><path d=\"m37.24260575 42.24376355-.00259331-.0159146-.01243434.01006912-13.12375758-5.03888837-13.1565878-5.04447198 2.20582406 13.9122256 2.1994168 13.88524512-.01243434.01006912.0173591.00395752-.00036745.01702542.01243434-.01006912 13.12516404 5.0390362 13.14959349 5.05013585L39.445393 56.14429395 37.24456975 42.258901l.01243434-.01006913Z\"\/><\/g><\/svg>\t<\/div>\t\t\t<a itemprop=\"url\" href=\"https:\/\/pucciapoissy.fr\/?page_id=4914\" target=\"_self\"><\/a>\t<\/div>\t\t<\/div>\n\t\n\t<div id=\"qodef-hl-scroll-area\"><\/div>\n<\/div>\n\t\t\t\t<\/div>\n\t\t\t\t<\/div>\n\t\t\t\t<\/div>\n\t\t\t\t<\/div>\n\t\t","protected":false},"excerpt":{"rendered":"<p>Puccia Poissy Click &amp; collect in Formule Prima \u00e0 partir de 9,50\u20ac scroll Formule Salento \u00e0 partir de 10,90\u20ac Formule V\u00e9g\u00e9 \u00e0 partir de 10\u20ac Formule P\u00e2tes + boisson \u00e0 partir de 13,20\u20ac Formule Salade + boisson \u00e0 partir de 12,90\u20ac contact 19 Rue du G\u00e9n\u00e9ral de Gaulle, 78300 Poissy01 34 01 47 69 puccia.poissy@gmail.com [&hellip;]<\/p>\n","protected":false},"author":1,"featured_media":11692,"parent":0,"menu_order":0,"comment_status":"closed","ping_status":"closed","template":"page-full-width.php","meta":{"footnotes":""},"class_list":["post-3710","page","type-page","status-publish","has-post-thumbnail","hentry"],"_links":{"self":[{"href":"https:\/\/pucciapoissy.fr\/index.php?rest_route=\/wp\/v2\/pages\/3710","targetHints":{"allow":["GET"]}}],"collection":[{"href":"https:\/\/pucciapoissy.fr\/index.php?rest_route=\/wp\/v2\/pages"}],"about":[{"href":"https:\/\/pucciapoissy.fr\/index.php?rest_route=\/wp\/v2\/types\/page"}],"author":[{"embeddable":true,"href":"https:\/\/pucciapoissy.fr\/index.php?rest_route=\/wp\/v2\/users\/1"}],"replies":[{"embeddable":true,"href":"https:\/\/pucciapoissy.fr\/index.php?rest_route=%2Fwp%2Fv2%2Fcomments&post=3710"}],"version-history":[{"count":171,"href":"https:\/\/pucciapoissy.fr\/index.php?rest_route=\/wp\/v2\/pages\/3710\/revisions"}],"predecessor-version":[{"id":11995,"href":"https:\/\/pucciapoissy.fr\/index.php?rest_route=\/wp\/v2\/pages\/3710\/revisions\/11995"}],"wp:featuredmedia":[{"embeddable":true,"href":"https:\/\/pucciapoissy.fr\/index.php?rest_route=\/wp\/v2\/media\/11692"}],"wp:attachment":[{"href":"https:\/\/pucciapoissy.fr\/index.php?rest_route=%2Fwp%2Fv2%2Fmedia&parent=3710"}],"curies":[{"name":"wp","href":"https:\/\/api.w.org\/{rel}","templated":true}]}}